{"id":94,"date":"2019-08-14T12:56:02","date_gmt":"2019-08-14T10:56:02","guid":{"rendered":"https:\/\/diskon.pl\/?page_id=94"},"modified":"2019-08-14T12:58:14","modified_gmt":"2019-08-14T10:58:14","slug":"komputery","status":"publish","type":"page","link":"https:\/\/diskon.pl\/index.php\/komputery\/","title":{"rendered":"Komputery"},"content":{"rendered":"\t\t<div data-elementor-type=\"wp-post\" data-elementor-id=\"94\" class=\"elementor elementor-94\" data-elementor-post-type=\"page\">\n\t\t\t\t\t\t<section class=\"elementor-section elementor-top-section elementor-element elementor-element-f37a98c elementor-section-stretched elementor-section-boxed elementor-section-height-default elementor-section-height-default\" data-id=\"f37a98c\" data-element_type=\"section\" data-e-type=\"section\" data-settings=\"{&quot;stretch_section&quot;:&quot;section-stretched&quot;,&quot;background_background&quot;:&quot;classic&quot;}\">\n\t\t\t\t\t\t<div class=\"elementor-container elementor-column-gap-default\">\n\t\t\t\t\t<div class=\"elementor-column elementor-col-100 elementor-top-column elementor-element elementor-element-65696b0\" data-id=\"65696b0\" data-element_type=\"column\" data-e-type=\"column\">\n\t\t\t<div class=\"elementor-widget-wrap elementor-element-populated\">\n\t\t\t\t\t\t<div class=\"elementor-element elementor-element-73aa09c elementor-widget-divider--view-line elementor-widget elementor-widget-divider\" data-id=\"73aa09c\" data-element_type=\"widget\" data-e-type=\"widget\" data-widget_type=\"divider.default\">\n\t\t\t\t<div class=\"elementor-widget-container\">\n\t\t\t\t\t\t\t<div class=\"elementor-divider\">\n\t\t\t<span class=\"elementor-divider-separator\">\n\t\t\t\t\t\t<\/span>\n\t\t<\/div>\n\t\t\t\t\t\t<\/div>\n\t\t\t\t<\/div>\n\t\t\t\t<div class=\"elementor-element elementor-element-57d3408 elementor-widget elementor-widget-heading\" data-id=\"57d3408\" data-element_type=\"widget\" data-e-type=\"widget\" data-widget_type=\"heading.default\">\n\t\t\t\t<div class=\"elementor-widget-container\">\n\t\t\t\t\t<h2 class=\"elementor-heading-title elementor-size-default\">Komputery<\/h2>\t\t\t\t<\/div>\n\t\t\t\t<\/div>\n\t\t\t\t<section class=\"elementor-section elementor-inner-section elementor-element elementor-element-67eedac elementor-section-boxed elementor-section-height-default elementor-section-height-default\" data-id=\"67eedac\" data-element_type=\"section\" data-e-type=\"section\">\n\t\t\t\t\t\t<div class=\"elementor-container elementor-column-gap-default\">\n\t\t\t\t\t<div class=\"elementor-column elementor-col-25 elementor-inner-column elementor-element elementor-element-2da4505\" data-id=\"2da4505\" data-element_type=\"column\" data-e-type=\"column\">\n\t\t\t<div class=\"elementor-widget-wrap elementor-element-populated\">\n\t\t\t\t\t\t<div class=\"elementor-element elementor-element-6457891 title_line elementor-widget elementor-widget-heading\" data-id=\"6457891\" data-element_type=\"widget\" data-e-type=\"widget\" data-widget_type=\"heading.default\">\n\t\t\t\t<div class=\"elementor-widget-container\">\n\t\t\t\t\t<h5 class=\"elementor-heading-title elementor-size-default\">Komputery u\u017cywane w cenach od 400z\u0142<\/h5>\t\t\t\t<\/div>\n\t\t\t\t<\/div>\n\t\t\t\t\t<\/div>\n\t\t<\/div>\n\t\t\t\t<div class=\"elementor-column elementor-col-25 elementor-inner-column elementor-element elementor-element-e288aa3\" data-id=\"e288aa3\" data-element_type=\"column\" data-e-type=\"column\">\n\t\t\t<div class=\"elementor-widget-wrap elementor-element-populated\">\n\t\t\t\t\t\t<div class=\"elementor-element elementor-element-9cfc256 title_line elementor-widget elementor-widget-heading\" data-id=\"9cfc256\" data-element_type=\"widget\" data-e-type=\"widget\" data-widget_type=\"heading.default\">\n\t\t\t\t<div class=\"elementor-widget-container\">\n\t\t\t\t\t<h5 class=\"elementor-heading-title elementor-size-default\">Komputery Nowe w cenach od 1500z\u0142<\/h5>\t\t\t\t<\/div>\n\t\t\t\t<\/div>\n\t\t\t\t\t<\/div>\n\t\t<\/div>\n\t\t\t\t<div class=\"elementor-column elementor-col-25 elementor-inner-column elementor-element elementor-element-874b665\" data-id=\"874b665\" data-element_type=\"column\" data-e-type=\"column\">\n\t\t\t<div class=\"elementor-widget-wrap elementor-element-populated\">\n\t\t\t\t\t\t<div class=\"elementor-element elementor-element-adaea9b title_line elementor-widget elementor-widget-heading\" data-id=\"adaea9b\" data-element_type=\"widget\" data-e-type=\"widget\" data-widget_type=\"heading.default\">\n\t\t\t\t<div class=\"elementor-widget-container\">\n\t\t\t\t\t<h5 class=\"elementor-heading-title elementor-size-default\">Diagnozowanie usterek i ich usuwanie<\/h5>\t\t\t\t<\/div>\n\t\t\t\t<\/div>\n\t\t\t\t\t<\/div>\n\t\t<\/div>\n\t\t\t\t<div class=\"elementor-column elementor-col-25 elementor-inner-column elementor-element elementor-element-d94dff0\" data-id=\"d94dff0\" data-element_type=\"column\" data-e-type=\"column\">\n\t\t\t<div class=\"elementor-widget-wrap elementor-element-populated\">\n\t\t\t\t\t\t<div class=\"elementor-element elementor-element-5e22c48 title_line elementor-widget elementor-widget-heading\" data-id=\"5e22c48\" data-element_type=\"widget\" data-e-type=\"widget\" data-widget_type=\"heading.default\">\n\t\t\t\t<div class=\"elementor-widget-container\">\n\t\t\t\t\t<h5 class=\"elementor-heading-title elementor-size-default\">Wymiana i rozbudowa Jednostek PC<\/h5>\t\t\t\t<\/div>\n\t\t\t\t<\/div>\n\t\t\t\t\t<\/div>\n\t\t<\/div>\n\t\t\t\t\t<\/div>\n\t\t<\/section>\n\t\t\t\t\t<\/div>\n\t\t<\/div>\n\t\t\t\t\t<\/div>\n\t\t<\/section>\n\t\t\t\t<\/div>\n\t\t","protected":false},"excerpt":{"rendered":"<p>Komputery Komputery u\u017cywane w cenach od 400z\u0142 Komputery Nowe w cenach od 1500z\u0142 Diagnozowanie usterek i ich usuwanie Wymiana i rozbudowa Jednostek PC<\/p>\n","protected":false},"author":1,"featured_media":0,"parent":0,"menu_order":0,"comment_status":"closed","ping_status":"closed","template":"","meta":{"footnotes":""},"class_list":["post-94","page","type-page","status-publish","hentry","entry"],"yoast_head":"<!-- This site is optimized with the Yoast SEO plugin v27.4 - https:\/\/yoast.com\/product\/yoast-seo-wordpress\/ -->\n<title>Komputery - Serwis Laptop&oacute;w i Komputer&oacute;w Ko\u0142obrzeg<\/title>\n<meta name=\"robots\" content=\"index, follow, max-snippet:-1, max-image-preview:large, max-video-preview:-1\" \/>\n<link rel=\"canonical\" href=\"https:\/\/diskon.pl\/index.php\/komputery\/\" \/>\n<meta property=\"og:locale\" content=\"pl_PL\" \/>\n<meta property=\"og:type\" content=\"article\" \/>\n<meta property=\"og:title\" content=\"Komputery - Serwis Laptop&oacute;w i Komputer&oacute;w Ko\u0142obrzeg\" \/>\n<meta property=\"og:description\" content=\"Komputery Komputery u\u017cywane w cenach od 400z\u0142 Komputery Nowe w cenach od 1500z\u0142 Diagnozowanie usterek i ich usuwanie Wymiana i rozbudowa Jednostek PC\" \/>\n<meta property=\"og:url\" content=\"https:\/\/diskon.pl\/index.php\/komputery\/\" \/>\n<meta property=\"og:site_name\" content=\"Serwis Laptop&oacute;w i Komputer&oacute;w Ko\u0142obrzeg\" \/>\n<meta property=\"article:modified_time\" content=\"2019-08-14T10:58:14+00:00\" \/>\n<meta name=\"twitter:card\" content=\"summary_large_image\" \/>\n<script type=\"application\/ld+json\" class=\"yoast-schema-graph\">{\"@context\":\"https:\\\/\\\/schema.org\",\"@graph\":[{\"@type\":\"WebPage\",\"@id\":\"https:\\\/\\\/diskon.pl\\\/index.php\\\/komputery\\\/\",\"url\":\"https:\\\/\\\/diskon.pl\\\/index.php\\\/komputery\\\/\",\"name\":\"Komputery - Serwis Laptop&oacute;w i Komputer&oacute;w Ko\u0142obrzeg\",\"isPartOf\":{\"@id\":\"https:\\\/\\\/diskon.pl\\\/#website\"},\"datePublished\":\"2019-08-14T10:56:02+00:00\",\"dateModified\":\"2019-08-14T10:58:14+00:00\",\"breadcrumb\":{\"@id\":\"https:\\\/\\\/diskon.pl\\\/index.php\\\/komputery\\\/#breadcrumb\"},\"inLanguage\":\"pl-PL\",\"potentialAction\":[{\"@type\":\"ReadAction\",\"target\":[\"https:\\\/\\\/diskon.pl\\\/index.php\\\/komputery\\\/\"]}]},{\"@type\":\"BreadcrumbList\",\"@id\":\"https:\\\/\\\/diskon.pl\\\/index.php\\\/komputery\\\/#breadcrumb\",\"itemListElement\":[{\"@type\":\"ListItem\",\"position\":1,\"name\":\"Strona g\u0142\u00f3wna\",\"item\":\"https:\\\/\\\/diskon.pl\\\/\"},{\"@type\":\"ListItem\",\"position\":2,\"name\":\"Komputery\"}]},{\"@type\":\"WebSite\",\"@id\":\"https:\\\/\\\/diskon.pl\\\/#website\",\"url\":\"https:\\\/\\\/diskon.pl\\\/\",\"name\":\"Serwis Laptop&oacute;w i Komputer&oacute;w Ko\u0142obrzeg\",\"description\":\"Profesjonalne podej\u015bcie do klienta w po\u0142\u0105czeniu z wieloletnim do\u015bwiadczeniem to w\u0142a\u015bnie firma DISKON, dla nas najwa\u017cniejsze jest aby tw&oacute;j laptop by\u0142 zdrowy. Laptop repair service in Ko\u0142obrzeg, Computer repair service in Ko\u0142obrzeg\",\"potentialAction\":[{\"@type\":\"SearchAction\",\"target\":{\"@type\":\"EntryPoint\",\"urlTemplate\":\"https:\\\/\\\/diskon.pl\\\/?s={search_term_string}\"},\"query-input\":{\"@type\":\"PropertyValueSpecification\",\"valueRequired\":true,\"valueName\":\"search_term_string\"}}],\"inLanguage\":\"pl-PL\"}]}<\/script>\n<!-- \/ Yoast SEO plugin. -->","yoast_head_json":{"title":"Komputery - Serwis Laptop&oacute;w i Komputer&oacute;w Ko\u0142obrzeg","robots":{"index":"index","follow":"follow","max-snippet":"max-snippet:-1","max-image-preview":"max-image-preview:large","max-video-preview":"max-video-preview:-1"},"canonical":"https:\/\/diskon.pl\/index.php\/komputery\/","og_locale":"pl_PL","og_type":"article","og_title":"Komputery - Serwis Laptop&oacute;w i Komputer&oacute;w Ko\u0142obrzeg","og_description":"Komputery Komputery u\u017cywane w cenach od 400z\u0142 Komputery Nowe w cenach od 1500z\u0142 Diagnozowanie usterek i ich usuwanie Wymiana i rozbudowa Jednostek PC","og_url":"https:\/\/diskon.pl\/index.php\/komputery\/","og_site_name":"Serwis Laptop&oacute;w i Komputer&oacute;w Ko\u0142obrzeg","article_modified_time":"2019-08-14T10:58:14+00:00","twitter_card":"summary_large_image","schema":{"@context":"https:\/\/schema.org","@graph":[{"@type":"WebPage","@id":"https:\/\/diskon.pl\/index.php\/komputery\/","url":"https:\/\/diskon.pl\/index.php\/komputery\/","name":"Komputery - Serwis Laptop&oacute;w i Komputer&oacute;w Ko\u0142obrzeg","isPartOf":{"@id":"https:\/\/diskon.pl\/#website"},"datePublished":"2019-08-14T10:56:02+00:00","dateModified":"2019-08-14T10:58:14+00:00","breadcrumb":{"@id":"https:\/\/diskon.pl\/index.php\/komputery\/#breadcrumb"},"inLanguage":"pl-PL","potentialAction":[{"@type":"ReadAction","target":["https:\/\/diskon.pl\/index.php\/komputery\/"]}]},{"@type":"BreadcrumbList","@id":"https:\/\/diskon.pl\/index.php\/komputery\/#breadcrumb","itemListElement":[{"@type":"ListItem","position":1,"name":"Strona g\u0142\u00f3wna","item":"https:\/\/diskon.pl\/"},{"@type":"ListItem","position":2,"name":"Komputery"}]},{"@type":"WebSite","@id":"https:\/\/diskon.pl\/#website","url":"https:\/\/diskon.pl\/","name":"Serwis Laptop&oacute;w i Komputer&oacute;w Ko\u0142obrzeg","description":"Profesjonalne podej\u015bcie do klienta w po\u0142\u0105czeniu z wieloletnim do\u015bwiadczeniem to w\u0142a\u015bnie firma DISKON, dla nas najwa\u017cniejsze jest aby tw&oacute;j laptop by\u0142 zdrowy. Laptop repair service in Ko\u0142obrzeg, Computer repair service in Ko\u0142obrzeg","potentialAction":[{"@type":"SearchAction","target":{"@type":"EntryPoint","urlTemplate":"https:\/\/diskon.pl\/?s={search_term_string}"},"query-input":{"@type":"PropertyValueSpecification","valueRequired":true,"valueName":"search_term_string"}}],"inLanguage":"pl-PL"}]}},"_links":{"self":[{"href":"https:\/\/diskon.pl\/index.php\/wp-json\/wp\/v2\/pages\/94","targetHints":{"allow":["GET"]}}],"collection":[{"href":"https:\/\/diskon.pl\/index.php\/wp-json\/wp\/v2\/pages"}],"about":[{"href":"https:\/\/diskon.pl\/index.php\/wp-json\/wp\/v2\/types\/page"}],"author":[{"embeddable":true,"href":"https:\/\/diskon.pl\/index.php\/wp-json\/wp\/v2\/users\/1"}],"replies":[{"embeddable":true,"href":"https:\/\/diskon.pl\/index.php\/wp-json\/wp\/v2\/comments?post=94"}],"version-history":[{"count":2,"href":"https:\/\/diskon.pl\/index.php\/wp-json\/wp\/v2\/pages\/94\/revisions"}],"predecessor-version":[{"id":96,"href":"https:\/\/diskon.pl\/index.php\/wp-json\/wp\/v2\/pages\/94\/revisions\/96"}],"wp:attachment":[{"href":"https:\/\/diskon.pl\/index.php\/wp-json\/wp\/v2\/media?parent=94"}],"curies":[{"name":"wp","href":"https:\/\/api.w.org\/{rel}","templated":true}]}}